{"id":3596,"date":"2023-12-03T16:15:44","date_gmt":"2023-12-03T16:15:44","guid":{"rendered":"https:\/\/indicateurafrica.com\/?page_id=3596"},"modified":"2025-08-16T16:34:17","modified_gmt":"2025-08-16T16:34:17","slug":"contact","status":"publish","type":"page","link":"https:\/\/indicateurafrica.com\/?page_id=3596","title":{"rendered":"Contact"},"content":{"rendered":"\t\t<div data-elementor-type=\"wp-page\" data-elementor-id=\"3596\" class=\"elementor elementor-3596\">\n\t\t\t\t\t\t<section class=\"elementor-section elementor-top-section elementor-element elementor-element-6d09716 elementor-section-full_width elementor-section-height-default elementor-section-height-default\" data-id=\"6d09716\" data-element_type=\"section\" data-e-type=\"section\">\n\t\t\t\t\t\t<div class=\"elementor-container elementor-column-gap-no\">\n\t\t\t\t\t<div class=\"elementor-column elementor-col-100 elementor-top-column elementor-element elementor-element-de5f925\" data-id=\"de5f925\" data-element_type=\"column\" data-e-type=\"column\">\n\t\t\t<div class=\"elementor-widget-wrap elementor-element-populated\">\n\t\t\t\t\t\t<div class=\"elementor-element elementor-element-57cfefc rbt-section-height-default elementor-widget elementor-widget-doob-agency-banner\" data-id=\"57cfefc\" data-element_type=\"widget\" data-e-type=\"widget\" data-widget_type=\"doob-agency-banner.default\">\n\t\t\t\t<div class=\"elementor-widget-container\">\n\t\t\t\t\t<!-- Start Slider Area  -->\r\n<div class=\"slider-creative-agency slider-area slider-style-1 d-flex align-items-center justify-content-center overlay rbt-height-control slider-paralax \"\r\n     data-settings=\"{&quot;parallax&quot;:false,&quot;particles&quot;:false,&quot;particles_color&quot;:null,&quot;particles_opacity&quot;:&quot;&quot;,&quot;id&quot;:&quot;particles-js-57cfefc&quot;}\">\r\n\r\n    \r\n    <!-- Start Single Slide  -->\r\n    <div class=\" slider-style-8 height-650\">\r\n        <div class=\"container\">\r\n            <div class=\"row\">\r\n                <div class=\"col-lg-12\">\r\n                    <div class=\"inner text-center\">\r\n                                            <h2 class=\"title display-one\">Contact<\/h2>                                                                    <\/div>\r\n                <\/div>\r\n            <\/div>\r\n        <\/div>\r\n    <\/div>\r\n\r\n    <!-- End Single Slide  -->\r\n<\/div>\r\n\t\t\t\t<\/div>\n\t\t\t\t<\/div>\n\t\t\t\t\t<\/div>\n\t\t<\/div>\n\t\t\t\t\t<\/div>\n\t\t<\/section>\n\t\t\t\t<section class=\"elementor-section elementor-top-section elementor-element elementor-element-a3e7504 rainbow-section-gap elementor-section-boxed elementor-section-height-default elementor-section-height-default\" data-id=\"a3e7504\" data-element_type=\"section\" data-e-type=\"section\" data-settings=\"{&quot;background_background&quot;:&quot;classic&quot;}\">\n\t\t\t\t\t\t<div class=\"elementor-container elementor-column-gap-default\">\n\t\t\t\t\t<div class=\"elementor-column elementor-col-100 elementor-top-column elementor-element elementor-element-83c788a\" data-id=\"83c788a\" data-element_type=\"column\" data-e-type=\"column\">\n\t\t\t<div class=\"elementor-widget-wrap elementor-element-populated\">\n\t\t\t\t\t\t<section class=\"elementor-section elementor-inner-section elementor-element elementor-element-440b564 elementor-section-boxed elementor-section-height-default elementor-section-height-default\" data-id=\"440b564\" data-element_type=\"section\" data-e-type=\"section\">\n\t\t\t\t\t\t<div class=\"elementor-container elementor-column-gap-default\">\n\t\t\t\t\t<div class=\"elementor-column elementor-col-100 elementor-inner-column elementor-element elementor-element-5f55ae4\" data-id=\"5f55ae4\" data-element_type=\"column\" data-e-type=\"column\">\n\t\t\t<div class=\"elementor-widget-wrap elementor-element-populated\">\n\t\t\t\t\t\t<div class=\"elementor-element elementor-element-d2170a2 elementor-widget elementor-widget-doob-main-services\" data-id=\"d2170a2\" data-element_type=\"widget\" data-e-type=\"widget\" data-widget_type=\"doob-main-services.default\">\n\t\t\t\t<div class=\"elementor-widget-container\">\n\t\t\t\t\t        <!-- Start Service Area  -->\r\n        <div class=\"rainbow-service-area rainbow-section-gap rn-service-area \">\r\n            <div class=\"container\">\r\n                                    <div class=\"row\">\r\n                        <div class=\"col-lg-12 mb--20 mb_sm--0\">\r\n                            <div class=\"section-title section-title--2 text-center\">\r\n                                                            <div class=\"subtitle\"><span class=\"theme-gradient\">Contact<\/span><\/div>\r\n            \r\n                            <h2 class=\"title w-600 mb--20\">\r\n                    <span> Nous sommes \u00e0 votre \u00e9coute afin de donner vie \u00e0 vos projets. <\/span> <br>\r\n                                    <\/h2>\r\n                                                            <\/div>\r\n                        <\/div>\r\n                    <\/div>\r\n                                                    <div class=\"row row--15 service-wrapper \">\r\n                                                    <div class=\"service-item mt--30 col-lg-4 col-md-6 col-sm-6 col-12 elementor-repeater-item-d07aecb\">\r\n                                                                <div class=\"single-service\">\r\n                                                                            <div class=\" service service__style--1 bg-color-blackest radius rbt-border-none layout-1 text-left\">\r\n                                            <div class=\"inner  \">\r\n\r\n                                                                                                                                                                    <div class=\"icon\">\r\n                                                                <i aria-hidden=\"true\" class=\"rbt feather-headphones\"><\/i>                                                                                                                            <\/div>\r\n                                                                                                                                                            \r\n\r\n                                                                                                    <div class=\"content\">\r\n                                                                                                                    <h4 class=\"title\">T\u00e9lephone<\/h4>\r\n                                                                                                                                                                            <p class=\"description b1 color-gray mb--0  \">\n+224 613 55 00 55 <br>\n +224 613 56 00 56<\/p>\r\n                                                        \r\n                                                        \r\n                                                    <\/div>\r\n                                                \r\n                                                \r\n\r\n                                            <\/div>\r\n                                        <\/div>\r\n                                                                    <\/div>\r\n                            <\/div>\r\n                                                    <div class=\"service-item mt--30 col-lg-4 col-md-6 col-sm-6 col-12 elementor-repeater-item-d92ae3e\">\r\n                                                                <div class=\"single-service\">\r\n                                                                            <div class=\" service service__style--1 bg-color-blackest radius rbt-border-none layout-1 text-left\">\r\n                                            <div class=\"inner  \">\r\n\r\n                                                                                                                                                                    <div class=\"icon\">\r\n                                                                <i aria-hidden=\"true\" class=\"rbt feather-mail\"><\/i>                                                                                                                            <\/div>\r\n                                                                                                                                                            \r\n\r\n                                                                                                    <div class=\"content\">\r\n                                                                                                                    <h4 class=\"title\">Email<\/h4>\r\n                                                                                                                                                                            <p class=\"description b1 color-gray mb--0  \">hello@indicateurafrica.com <br \/>\n\ncom@indicateurafrica.com<\/p>\r\n                                                        \r\n                                                        \r\n                                                    <\/div>\r\n                                                \r\n                                                \r\n\r\n                                            <\/div>\r\n                                        <\/div>\r\n                                                                    <\/div>\r\n                            <\/div>\r\n                                                    <div class=\"service-item mt--30 col-lg-4 col-md-6 col-sm-6 col-12 elementor-repeater-item-37283a0\">\r\n                                                                <div class=\"single-service\">\r\n                                                                            <div class=\" service service__style--1 bg-color-blackest radius rbt-border-none layout-1 text-left\">\r\n                                            <div class=\"inner  \">\r\n\r\n                                                                                                                                                                    <div class=\"icon\">\r\n                                                                <i aria-hidden=\"true\" class=\"rbt feather-map-pin\"><\/i>                                                                                                                            <\/div>\r\n                                                                                                                                                            \r\n\r\n                                                                                                    <div class=\"content\">\r\n                                                                                                                    <h4 class=\"title\">Lieu<\/h4>\r\n                                                                                                                                                                            <p class=\"description b1 color-gray mb--0  \">Lambanyi, <br>\nCentre commercial<\/p>\r\n                                                        \r\n                                                        \r\n                                                    <\/div>\r\n                                                \r\n                                                \r\n\r\n                                            <\/div>\r\n                                        <\/div>\r\n                                                                    <\/div>\r\n                            <\/div>\r\n                                            <\/div>\r\n                            <\/div>\r\n        <\/div>\r\n        <!-- Start Service Area  -->\r\n        \t\t\t\t<\/div>\n\t\t\t\t<\/div>\n\t\t\t\t\t<\/div>\n\t\t<\/div>\n\t\t\t\t\t<\/div>\n\t\t<\/section>\n\t\t\t\t<section class=\"elementor-section elementor-inner-section elementor-element elementor-element-0892b60 elementor-section-boxed elementor-section-height-default elementor-section-height-default\" data-id=\"0892b60\" data-element_type=\"section\" data-e-type=\"section\">\n\t\t\t\t\t\t<div class=\"elementor-container elementor-column-gap-extended\">\n\t\t\t\t\t<div class=\"elementor-column elementor-col-50 elementor-inner-column elementor-element elementor-element-51b649f\" data-id=\"51b649f\" data-element_type=\"column\" data-e-type=\"column\">\n\t\t\t<div class=\"elementor-widget-wrap elementor-element-populated\">\n\t\t\t\t\t\t<div class=\"elementor-element elementor-element-3a34dcc elementor-widget elementor-widget-doob-contact\" data-id=\"3a34dcc\" data-element_type=\"widget\" data-e-type=\"widget\" data-widget_type=\"doob-contact.default\">\n\t\t\t\t<div class=\"elementor-widget-container\">\n\t\t\t\t\t            <div class=\"rbt-form-wrapper\"> \n<div class=\"wpcf7 no-js\" id=\"wpcf7-f3601-o1\" lang=\"en-US\" dir=\"ltr\" data-wpcf7-id=\"3601\">\n<div class=\"screen-reader-response\"><p role=\"status\" aria-live=\"polite\" aria-atomic=\"true\"><\/p> <ul><\/ul><\/div>\n<form action=\"\/index.php?rest_route=%2Fwp%2Fv2%2Fpages%2F3596#wpcf7-f3601-o1\" method=\"post\" class=\"wpcf7-form init\" aria-label=\"Contact form\" novalidate=\"novalidate\" data-status=\"init\">\n<fieldset class=\"hidden-fields-container\"><input type=\"hidden\" name=\"_wpcf7\" value=\"3601\" \/><input type=\"hidden\" name=\"_wpcf7_version\" value=\"6.1.4\" \/><input type=\"hidden\" name=\"_wpcf7_locale\" value=\"en_US\" \/><input type=\"hidden\" name=\"_wpcf7_unit_tag\" value=\"wpcf7-f3601-o1\" \/><input type=\"hidden\" name=\"_wpcf7_container_post\" value=\"0\" \/><input type=\"hidden\" name=\"_wpcf7_posted_data_hash\" value=\"\" \/>\n<\/fieldset>\n<div class=\"contact-form-1 rainbow-dynamic-form\">\n    <div class=\"form-group\">\n<span class=\"wpcf7-form-control-wrap\" data-name=\"your-name\"><input size=\"40\" maxlength=\"400\" class=\"wpcf7-form-control wpcf7-text wpcf7-validates-as-required\" aria-required=\"true\" aria-invalid=\"false\" placeholder=\"Nom &amp; Prenom\" value=\"\" type=\"text\" name=\"your-name\" \/><\/span>\n    <\/div>\n    <div class=\"form-group\">\n        <span class=\"wpcf7-form-control-wrap\" data-name=\"your-phone\"><input size=\"40\" maxlength=\"400\" class=\"wpcf7-form-control wpcf7-tel wpcf7-validates-as-required wpcf7-text wpcf7-validates-as-tel\" autocomplete=\"tel\" aria-required=\"true\" aria-invalid=\"false\" placeholder=\"Num\u00e9ro t\u00e9l\u00e9phone\" value=\"\" type=\"tel\" name=\"your-phone\" \/><\/span>\n    <\/div>\n    <div class=\"form-group\">\n        <span class=\"wpcf7-form-control-wrap\" data-name=\"your-email\"><input size=\"40\" maxlength=\"400\" class=\"wpcf7-form-control wpcf7-email wpcf7-validates-as-required wpcf7-text wpcf7-validates-as-email\" aria-required=\"true\" aria-invalid=\"false\" placeholder=\"Email\" value=\"\" type=\"email\" name=\"your-email\" \/><\/span>\n    <\/div>\n\n    <div class=\"form-group\">\n        <span class=\"wpcf7-form-control-wrap\" data-name=\"your-subject\"><input size=\"40\" maxlength=\"400\" class=\"wpcf7-form-control wpcf7-text\" aria-invalid=\"false\" placeholder=\"Sujet\" value=\"\" type=\"text\" name=\"your-subject\" \/><\/span>\n    <\/div>\n\n    <div class=\"form-group\">\n        <span class=\"wpcf7-form-control-wrap\" data-name=\"your-message\"><textarea cols=\"10\" rows=\"3\" maxlength=\"2000\" class=\"wpcf7-form-control wpcf7-textarea wpcf7-validates-as-required\" aria-required=\"true\" aria-invalid=\"false\" placeholder=\"Message\" name=\"your-message\"><\/textarea><\/span>\n    <\/div>\n\n    <div class=\"form-group\">\n        <button name=\"submit\" type=\"submit\" class=\"btn-default btn-large rainbow-btn\">\n            <span>Envoyer<\/span>\n        <\/button>\n    <\/div>\n<\/div><div class=\"wpcf7-response-output\" aria-hidden=\"true\"><\/div>\n<\/form>\n<\/div>\n <\/div> \t\t\t\t<\/div>\n\t\t\t\t<\/div>\n\t\t\t\t\t<\/div>\n\t\t<\/div>\n\t\t\t\t<div class=\"elementor-column elementor-col-50 elementor-inner-column elementor-element elementor-element-97b817f\" data-id=\"97b817f\" data-element_type=\"column\" data-e-type=\"column\">\n\t\t\t<div class=\"elementor-widget-wrap elementor-element-populated\">\n\t\t\t\t\t\t<div class=\"elementor-element elementor-element-df1610e elementor-widget elementor-widget-google_maps\" data-id=\"df1610e\" data-element_type=\"widget\" data-e-type=\"widget\" data-widget_type=\"google_maps.default\">\n\t\t\t\t<div class=\"elementor-widget-container\">\n\t\t\t\t\t\t\t<div class=\"elementor-custom-embed\">\n\t\t\t<iframe loading=\"lazy\"\n\t\t\t\t\tsrc=\"https:\/\/maps.google.com\/maps?q=Centre%20Commerciale%2C%20Lambandji&#038;t=m&#038;z=8&#038;output=embed&#038;iwloc=near\"\n\t\t\t\t\ttitle=\"Centre Commerciale, Lambandji\"\n\t\t\t\t\taria-label=\"Centre Commerciale, Lambandji\"\n\t\t\t><\/iframe>\n\t\t<\/div>\n\t\t\t\t\t\t<\/div>\n\t\t\t\t<\/div>\n\t\t\t\t\t<\/div>\n\t\t<\/div>\n\t\t\t\t\t<\/div>\n\t\t<\/section>\n\t\t\t\t\t<\/div>\n\t\t<\/div>\n\t\t\t\t\t<\/div>\n\t\t<\/section>\n\t\t\t\t<\/div>\n\t\t","protected":false},"excerpt":{"rendered":"<p>Contact Contact Nous sommes \u00e0 votre \u00e9coute afin de donner vie \u00e0 vos projets. T\u00e9lephone +224 613 55 00 55 +224 613 56 00 56 Email hello@indicateurafrica.com com@indicateurafrica.com Lieu Lambanyi, Centre commercial Envoyer<\/p>\n","protected":false},"author":1,"featured_media":0,"parent":0,"menu_order":0,"comment_status":"closed","ping_status":"closed","template":"elementor_header_footer","meta":{"_acf_changed":false,"footnotes":""},"class_list":["post-3596","page","type-page","status-publish","hentry"],"acf":[],"yoast_head":"<!-- This site is optimized with the Yoast SEO plugin v27.3 - https:\/\/yoast.com\/product\/yoast-seo-wordpress\/ -->\n<title>Contact - Indicateur Africa<\/title>\n<meta name=\"robots\" content=\"index, follow, max-snippet:-1, max-image-preview:large, max-video-preview:-1\" \/>\n<link rel=\"canonical\" href=\"https:\/\/indicateurafrica.com\/?page_id=3596\" \/>\n<meta property=\"og:locale\" content=\"fr_FR\" \/>\n<meta property=\"og:type\" content=\"article\" \/>\n<meta property=\"og:title\" content=\"Contact - Indicateur Africa\" \/>\n<meta property=\"og:description\" content=\"Contact Contact Nous sommes \u00e0 votre \u00e9coute afin de donner vie \u00e0 vos projets. T\u00e9lephone +224 613 55 00 55 +224 613 56 00 56 Email hello@indicateurafrica.com com@indicateurafrica.com Lieu Lambanyi, Centre commercial Envoyer\" \/>\n<meta property=\"og:url\" content=\"https:\/\/indicateurafrica.com\/?page_id=3596\" \/>\n<meta property=\"og:site_name\" content=\"Indicateur Africa\" \/>\n<meta property=\"article:modified_time\" content=\"2025-08-16T16:34:17+00:00\" \/>\n<meta name=\"twitter:card\" content=\"summary_large_image\" \/>\n<meta name=\"twitter:label1\" content=\"Dur\u00e9e de lecture estim\u00e9e\" \/>\n\t<meta name=\"twitter:data1\" content=\"1 minute\" \/>\n<script type=\"application\/ld+json\" class=\"yoast-schema-graph\">{\"@context\":\"https:\\\/\\\/schema.org\",\"@graph\":[{\"@type\":\"WebPage\",\"@id\":\"https:\\\/\\\/indicateurafrica.com\\\/?page_id=3596\",\"url\":\"https:\\\/\\\/indicateurafrica.com\\\/?page_id=3596\",\"name\":\"Contact - Indicateur Africa\",\"isPartOf\":{\"@id\":\"https:\\\/\\\/indicateurafrica.com\\\/#website\"},\"datePublished\":\"2023-12-03T16:15:44+00:00\",\"dateModified\":\"2025-08-16T16:34:17+00:00\",\"breadcrumb\":{\"@id\":\"https:\\\/\\\/indicateurafrica.com\\\/?page_id=3596#breadcrumb\"},\"inLanguage\":\"fr-FR\",\"potentialAction\":[{\"@type\":\"ReadAction\",\"target\":[\"https:\\\/\\\/indicateurafrica.com\\\/?page_id=3596\"]}]},{\"@type\":\"BreadcrumbList\",\"@id\":\"https:\\\/\\\/indicateurafrica.com\\\/?page_id=3596#breadcrumb\",\"itemListElement\":[{\"@type\":\"ListItem\",\"position\":1,\"name\":\"Accueil\",\"item\":\"https:\\\/\\\/indicateurafrica.com\\\/\"},{\"@type\":\"ListItem\",\"position\":2,\"name\":\"Contact\"}]},{\"@type\":\"WebSite\",\"@id\":\"https:\\\/\\\/indicateurafrica.com\\\/#website\",\"url\":\"https:\\\/\\\/indicateurafrica.com\\\/\",\"name\":\"Indicateur Africa\",\"description\":\"Le choix de l&#039;excellence\",\"potentialAction\":[{\"@type\":\"SearchAction\",\"target\":{\"@type\":\"EntryPoint\",\"urlTemplate\":\"https:\\\/\\\/indicateurafrica.com\\\/?s={search_term_string}\"},\"query-input\":{\"@type\":\"PropertyValueSpecification\",\"valueRequired\":true,\"valueName\":\"search_term_string\"}}],\"inLanguage\":\"fr-FR\"}]}<\/script>\n<!-- \/ Yoast SEO plugin. -->","yoast_head_json":{"title":"Contact - Indicateur Africa","robots":{"index":"index","follow":"follow","max-snippet":"max-snippet:-1","max-image-preview":"max-image-preview:large","max-video-preview":"max-video-preview:-1"},"canonical":"https:\/\/indicateurafrica.com\/?page_id=3596","og_locale":"fr_FR","og_type":"article","og_title":"Contact - Indicateur Africa","og_description":"Contact Contact Nous sommes \u00e0 votre \u00e9coute afin de donner vie \u00e0 vos projets. T\u00e9lephone +224 613 55 00 55 +224 613 56 00 56 Email hello@indicateurafrica.com com@indicateurafrica.com Lieu Lambanyi, Centre commercial Envoyer","og_url":"https:\/\/indicateurafrica.com\/?page_id=3596","og_site_name":"Indicateur Africa","article_modified_time":"2025-08-16T16:34:17+00:00","twitter_card":"summary_large_image","twitter_misc":{"Dur\u00e9e de lecture estim\u00e9e":"1 minute"},"schema":{"@context":"https:\/\/schema.org","@graph":[{"@type":"WebPage","@id":"https:\/\/indicateurafrica.com\/?page_id=3596","url":"https:\/\/indicateurafrica.com\/?page_id=3596","name":"Contact - Indicateur Africa","isPartOf":{"@id":"https:\/\/indicateurafrica.com\/#website"},"datePublished":"2023-12-03T16:15:44+00:00","dateModified":"2025-08-16T16:34:17+00:00","breadcrumb":{"@id":"https:\/\/indicateurafrica.com\/?page_id=3596#breadcrumb"},"inLanguage":"fr-FR","potentialAction":[{"@type":"ReadAction","target":["https:\/\/indicateurafrica.com\/?page_id=3596"]}]},{"@type":"BreadcrumbList","@id":"https:\/\/indicateurafrica.com\/?page_id=3596#breadcrumb","itemListElement":[{"@type":"ListItem","position":1,"name":"Accueil","item":"https:\/\/indicateurafrica.com\/"},{"@type":"ListItem","position":2,"name":"Contact"}]},{"@type":"WebSite","@id":"https:\/\/indicateurafrica.com\/#website","url":"https:\/\/indicateurafrica.com\/","name":"Indicateur Africa","description":"Le choix de l&#039;excellence","potentialAction":[{"@type":"SearchAction","target":{"@type":"EntryPoint","urlTemplate":"https:\/\/indicateurafrica.com\/?s={search_term_string}"},"query-input":{"@type":"PropertyValueSpecification","valueRequired":true,"valueName":"search_term_string"}}],"inLanguage":"fr-FR"}]}},"_links":{"self":[{"href":"https:\/\/indicateurafrica.com\/index.php?rest_route=\/wp\/v2\/pages\/3596","targetHints":{"allow":["GET"]}}],"collection":[{"href":"https:\/\/indicateurafrica.com\/index.php?rest_route=\/wp\/v2\/pages"}],"about":[{"href":"https:\/\/indicateurafrica.com\/index.php?rest_route=\/wp\/v2\/types\/page"}],"author":[{"embeddable":true,"href":"https:\/\/indicateurafrica.com\/index.php?rest_route=\/wp\/v2\/users\/1"}],"replies":[{"embeddable":true,"href":"https:\/\/indicateurafrica.com\/index.php?rest_route=%2Fwp%2Fv2%2Fcomments&post=3596"}],"version-history":[{"count":34,"href":"https:\/\/indicateurafrica.com\/index.php?rest_route=\/wp\/v2\/pages\/3596\/revisions"}],"predecessor-version":[{"id":7836,"href":"https:\/\/indicateurafrica.com\/index.php?rest_route=\/wp\/v2\/pages\/3596\/revisions\/7836"}],"wp:attachment":[{"href":"https:\/\/indicateurafrica.com\/index.php?rest_route=%2Fwp%2Fv2%2Fmedia&parent=3596"}],"curies":[{"name":"wp","href":"https:\/\/api.w.org\/{rel}","templated":true}]}}